{"id":506,"date":"2018-04-04T14:32:37","date_gmt":"2018-04-04T14:32:37","guid":{"rendered":"http:\/\/devsite3.ggmtesting.com\/?page_id=506"},"modified":"2025-12-02T11:40:40","modified_gmt":"2025-12-02T11:40:40","slug":"home-2-2","status":"publish","type":"page","link":"https:\/\/gains-sports.com\/","title":{"rendered":"Home"},"content":{"rendered":"<div class=\"wpb-content-wrapper\"><p>[vc_row full_width=&#8221;stretch_row&#8221; full_height=&#8221;yes&#8221; columns_placement=&#8221;bottom&#8221; content_placement=&#8221;bottom&#8221; sbvcbgslider_enable=&#8221;yes&#8221; sbvcbgslider_animation_speed=&#8221;900&#8243; sbvcbgslider_slide_duration=&#8221;3000&#8243; sbvcbgslider_content_vertical_center=&#8221;yes&#8221; sbvcbgslider_overlay=&#8221;yes&#8221; sbvcbgslider_overlay_color=&#8221;rgba(10,10,10,0.56)&#8221; enable_overlay=&#8221;enable_overlay_value&#8221; overlay_pattern=&#8221;01.png&#8221; el_id=&#8221;Home&#8221; el_class=&#8221;header-video&#8221; sbvcbgslider_slider_attachments=&#8221;779,780,781&#8243;][vc_column][vc_column_text el_class=&#8221;header-video-text&#8221;]<\/p>\n<p style=\"text-align: right;\">Internationalisierung<\/p>\n<p style=\"text-align: right;\">Innovation<\/p>\n<p style=\"text-align: right;\">Beratung<\/p>\n<p style=\"text-align: right;\">Event Management<\/p>\n<p>[\/vc_column_text][\/vc_column][\/vc_row][vc_row enable_overlay=&#8221;enable_overlay_value&#8221; overlay_pattern=&#8221;01.png&#8221; el_class=&#8221;flag-row&#8221; el_id=&#8221;Portfolio&#8221;][vc_column][vc_empty_space height=&#8221;12px&#8221;][vc_custom_heading text=&#8221;German American Insights In Sports&#8221; font_container=&#8221;tag:h2|text_align:center&#8221; use_theme_fonts=&#8221;yes&#8221;][vc_empty_space height=&#8221;12px&#8221;][vc_row_inner][vc_column_inner width=&#8221;1\/2&#8243;][vc_column_text css=&#8221;.vc_custom_1522850335603{margin-top: 15px !important;}&#8221;]GAINS ist der Schl\u00fcssel zum Erfolg im internationalen Sportbusiness zwischen Deutschland und den USA. Aufgrund eines hervorragenden Netzwerkes zu Entscheidern in diesen L\u00e4ndern, bietet GAINS Zugang zu beiden M\u00e4rkten und \u00f6ffnet T\u00fcren, die ansonsten verschlossen bleiben w\u00fcrden.<\/p>\n<p>GAINS erm\u00f6glicht Einblicke in die Trends und Innovationen des amerikanischen Sportmarktes und ber\u00e4t Kunden im Bereich Internationalisierung in Richtung USA.[\/vc_column_text][\/vc_column_inner][vc_column_inner width=&#8221;1\/2&#8243;][vc_single_image image=&#8221;408&#8243; img_size=&#8221;400&#215;266&#8243; alignment=&#8221;center&#8221;][vc_column_text][\/vc_column_text][\/vc_column_inner][\/vc_row_inner][\/vc_column][\/vc_row][vc_row full_width=&#8221;stretch_row&#8221; bg_type=&#8221;image&#8221; parallax_style=&#8221;vcpb-vz-jquery&#8221; bg_image_new=&#8221;id^734|url^http:\/\/devsite3.ggmtesting.com\/wp-content\/uploads\/2018\/01\/grass-field.jpeg|caption^null|alt^null|title^grass-field|description^null&#8221; bg_image_repeat=&#8221;no-repeat&#8221; enable_overlay=&#8221;enable_overlay_value&#8221; overlay_color=&#8221;#0a0a0a&#8221; overlay_pattern=&#8221;01.png&#8221; overlay_pattern_size=&#8221;4&#8243; css=&#8221;.vc_custom_1518818110314{margin-top: 30px !important;}&#8221; el_class=&#8221;internationalization-row&#8221; el_id=&#8221;Internationalization&#8221;][vc_column css=&#8221;.vc_custom_1496761916765{padding-right: 40px !important;padding-left: 40px !important;}&#8221;][vc_empty_space height=&#8221;12px&#8221;][vc_custom_heading text=&#8221;Internationalisierung&#8221; font_container=&#8221;tag:h2|text_align:center&#8221; use_theme_fonts=&#8221;yes&#8221;][vc_empty_space height=&#8221;12px&#8221;][vc_row_inner el_class=&#8221;internationalization-row&#8221;][vc_column_inner width=&#8221;1\/2&#8243;][vc_single_image image=&#8221;410&#8243; img_size=&#8221;large&#8221; alignment=&#8221;center&#8221;][\/vc_column_inner][vc_column_inner width=&#8221;1\/2&#8243;][vc_column_text css=&#8221;.vc_custom_1522850373810{margin-top: 15px !important;}&#8221;]Globalisierung und Digitalisierung haben das Sportbusiness im letzten Jahrzehnt ma\u00dfgeblich ver\u00e4ndert. Im weltweiten Rennen um Fans, Markenbekanntheit, Reichweite und Engagement m\u00fcssen Rechtehalter in Internationalisierung investieren, um f\u00fcr Sponsoren relevant und attraktiv zu bleiben.<\/p>\n<p>GAINS ber\u00e4t europ\u00e4ische Rechtehalter im Bereich Internationalisierung auf den US-Markt. Durch die Pr\u00e4senz vor Ort sowie das weitreichende Netzwerk zu Entscheidern, kann GAINS ganzj\u00e4hrige Marketing-Strategien entwickeln und umsetzen, Trainingslager und Freundschaftsspiele organisieren sowie Medienkooperationen anbahnen.[\/vc_column_text][\/vc_column_inner][\/vc_row_inner][\/vc_column][\/vc_row][vc_row css=&#8221;.vc_custom_1519847168853{margin-top: 20px !important;}&#8221;][vc_column css=&#8221;.vc_custom_1496761916765{padding-right: 40px !important;padding-left: 40px !important;}&#8221;][vc_custom_heading text=&#8221;Bayer 04 Leverkusen Florida Cup 2016 &amp; 2017&#8243; font_container=&#8221;tag:h3|text_align:center|color:%23060e31&#8243; use_theme_fonts=&#8221;yes&#8221;][vc_separator]<div id=\"ult-carousel-131216860869fea6a11227a\" class=\"ult-carousel-wrapper   ult_horizontal\" data-gutter=\"15\" data-rtl=\"false\" ><div class=\"ult-carousel-273973855169fea6a112156 \" >[vc_single_image image=&#8221;564&#8243; img_size=&#8221;large&#8221; alignment=&#8221;center&#8221; css=&#8221;&#8221;][vc_single_image image=&#8221;566&#8243; img_size=&#8221;large&#8221; alignment=&#8221;center&#8221; css=&#8221;&#8221;][vc_single_image image=&#8221;556&#8243; img_size=&#8221;large&#8221; alignment=&#8221;center&#8221; css=&#8221;&#8221;][vc_single_image image=&#8221;559&#8243; img_size=&#8221;large&#8221; alignment=&#8221;center&#8221; css=&#8221;&#8221;][vc_single_image image=&#8221;560&#8243; img_size=&#8221;large&#8221; alignment=&#8221;center&#8221; css=&#8221;&#8221;][vc_single_image image=&#8221;562&#8243; img_size=&#8221;large&#8221; alignment=&#8221;center&#8221; css=&#8221;&#8221;]<\/div><\/div>\t\t\t<script type=\"text\/javascript\">\n\t\t\t\tjQuery(document).ready(function ($) {\n\t\t\t\t\tif( typeof jQuery('.ult-carousel-273973855169fea6a112156').slick == \"function\"){\n\t\t\t\t\t\t$('.ult-carousel-273973855169fea6a112156').slick({dots: true,autoplay: true,autoplaySpeed: \"5000\",speed: \"300\",infinite: true,arrows: true,nextArrow: '<button type=\"button\" role=\"button\" aria-label=\"Next\" style=\"color:#333333; font-size:20px;\" class=\"slick-next default\"><i class=\"ultsl-arrow-right4\"><\/i><\/button>',prevArrow: '<button type=\"button\" role=\"button\" aria-label=\"Previous\" style=\"color:#333333; font-size:20px;\" class=\"slick-prev default\"><i class=\"ultsl-arrow-left4\"><\/i><\/button>',slidesToScroll:4,slidesToShow:4,swipe: true,draggable: true,touchMove: true,pauseOnHover: true,pauseOnFocus: false,centerMode: true,responsive: [\n\t\t\t\t\t\t\t{\n\t\t\t\t\t\t\t  breakpoint: 1026,\n\t\t\t\t\t\t\t  settings: {\n\t\t\t\t\t\t\t\tslidesToShow: 4,\n\t\t\t\t\t\t\t\tslidesToScroll: 4,  \n\t\t\t\t\t\t\t  }\n\t\t\t\t\t\t\t},\n\t\t\t\t\t\t\t{\n\t\t\t\t\t\t\t  breakpoint: 1025,\n\t\t\t\t\t\t\t  settings: {\n\t\t\t\t\t\t\t\tslidesToShow: 3,\n\t\t\t\t\t\t\t\tslidesToScroll: 3\n\t\t\t\t\t\t\t  }\n\t\t\t\t\t\t\t},\n\t\t\t\t\t\t\t{\n\t\t\t\t\t\t\t  breakpoint: 760,\n\t\t\t\t\t\t\t  settings: {\n\t\t\t\t\t\t\t\tslidesToShow: 2,\n\t\t\t\t\t\t\t\tslidesToScroll: 2\n\t\t\t\t\t\t\t  }\n\t\t\t\t\t\t\t}\n\t\t\t\t\t\t],pauseOnDotsHover: true,customPaging: function(slider, i) {\n                   return '<i type=\"button\" style= \"color:#333333;\" class=\"ultsl-record\" data-role=\"none\"><\/i>';\n                },});\n\t\t\t\t\t}\n\t\t\t\t});\n\t\t\t<\/script>\n\t\t\t[vc_empty_space height=&#8221;12px&#8221;][\/vc_column][\/vc_row][vc_row full_width=&#8221;stretch_row&#8221; bg_type=&#8221;image&#8221; parallax_style=&#8221;vcpb-vz-jquery&#8221; bg_image_new=&#8221;id^734|url^http:\/\/devsite3.ggmtesting.com\/wp-content\/uploads\/2018\/01\/grass-field.jpeg|caption^null|alt^null|title^grass-field|description^null&#8221; bg_image_repeat=&#8221;no-repeat&#8221; enable_overlay=&#8221;enable_overlay_value&#8221; overlay_color=&#8221;#000000&#8243; overlay_pattern=&#8221;01.png&#8221; overlay_pattern_size=&#8221;4&#8243; css=&#8221;.vc_custom_1518818008956{margin-top: 30px !important;}&#8221; el_class=&#8221;internationalization-row&#8221; el_id=&#8221;Trend-Report&#8221;][vc_column css=&#8221;.vc_custom_1496761916765{padding-right: 40px !important;padding-left: 40px !important;}&#8221;][vc_empty_space height=&#8221;12px&#8221;][vc_custom_heading text=&#8221;Trend Report&#8221; font_container=&#8221;tag:h2|text_align:center&#8221; use_theme_fonts=&#8221;yes&#8221;][vc_empty_space height=&#8221;12px&#8221;][vc_row_inner el_class=&#8221;internationalization-row&#8221;][vc_column_inner width=&#8221;1\/3&#8243;][vc_single_image image=&#8221;641&#8243; img_size=&#8221;350&#215;350&#8243; alignment=&#8221;center&#8221; css=&#8221;.vc_custom_1519849096919{margin-left: 0px !important;padding-right: 0px !important;padding-left: 0px !important;}&#8221; el_class=&#8221;trend-report-img&#8221;][\/vc_column_inner][vc_column_inner width=&#8221;1\/3&#8243;][vc_column_text]Trends im Sportmarketing entstehen ohne Zweifel am h\u00e4ufigsten im gr\u00f6\u00dften Sportmarkt der Welt, den USA. Zugleich steigen die Erwartungen von Gesch\u00e4ftspartnern t\u00e4glich und jeder Rechtehalter muss h\u00e4rter daran arbeiten, sich entscheidend vom Wettbewerb zu differenzieren und abzusetzen.<\/p>\n<p>Damit Rechtehalter den entscheidenen Vorsprung gegen\u00fcber dem Wettbewerb zur Gestaltung von Konzepten, Angeboten und Kampagnen erlangen k\u00f6nnen, bietet GAINS einen monatlichen Trend-Report, der die wichtigsten Innovationen aus den folgenden Bereichen kompakt zusammenfasst:[\/vc_column_text][\/vc_column_inner][vc_column_inner width=&#8221;1\/3&#8243;][vc_column_text el_class=&#8221;.bulletpoints&#8221;]<\/p>\n<ul>\n<li>Brand Marketing<\/li>\n<li>Kommunikation<\/li>\n<li>Digitale Medien<\/li>\n<li>Sponsoring<\/li>\n<li>Corporate Social Responsibility<\/li>\n<li>Event Management<\/li>\n<li>Internationalisierung<\/li>\n<li>Broadcasting<\/li>\n<li>Technologien<\/li>\n<li>Market Intelligence<\/li>\n<\/ul>\n<p>[\/vc_column_text][\/vc_column_inner][\/vc_row_inner][\/vc_column][\/vc_row][vc_row full_width=&#8221;stretch_row&#8221; css=&#8221;.vc_custom_1519224979112{margin-top: 30px !important;}&#8221; el_id=&#8221;Clients&#8221; el_class=&#8221;clients-row&#8221;][vc_column css=&#8221;.vc_custom_1496761916765{padding-right: 40px !important;padding-left: 40px !important;}&#8221;][vc_custom_heading text=&#8221;Kunden &amp; Partner&#8221; font_container=&#8221;tag:h2|text_align:center|color:%23060e31&#8243; use_theme_fonts=&#8221;yes&#8221;][vc_empty_space height=&#8221;10px&#8221;][vc_row_inner el_id=&#8221;logo-row&#8221;][vc_column_inner width=&#8221;1\/3&#8243;][vc_single_image image=&#8221;753&#8243; img_size=&#8221;192&#215;122&#8243; alignment=&#8221;center&#8221; onclick=&#8221;custom_link&#8221; img_link_target=&#8221;_blank&#8221; css_animation=&#8221;appear&#8221; link=&#8221;https:\/\/www.dfl-stiftung.de\/&#8221;][vc_custom_heading text=&#8221;<b>DFL<\/b>&#8221; font_container=&#8221;tag:h4|text_align:center&#8221; use_theme_fonts=&#8221;yes&#8221;][\/vc_column_inner][vc_column_inner width=&#8221;1\/3&#8243;][vc_single_image image=&#8221;659&#8243; img_size=&#8221;192&#215;122&#8243; alignment=&#8221;center&#8221; onclick=&#8221;custom_link&#8221; img_link_target=&#8221;_blank&#8221; css_animation=&#8221;appear&#8221; link=&#8221;http:\/\/www.bundesliga-international.com\/&#8221;][vc_custom_heading text=&#8221;<b>Bundesliga International<\/b>&#8221; font_container=&#8221;tag:h4|text_align:center&#8221; use_theme_fonts=&#8221;yes&#8221;][\/vc_column_inner][vc_column_inner width=&#8221;1\/3&#8243;][vc_single_image image=&#8221;803&#8243; img_size=&#8221;192&#215;122&#8243; alignment=&#8221;center&#8221; onclick=&#8221;custom_link&#8221; img_link_target=&#8221;_blank&#8221; css_animation=&#8221;appear&#8221; link=&#8221;http:\/\/www.sportcast.de\/&#8221;][vc_custom_heading text=&#8221;<b>SPORTCAST<\/b>&#8221; font_container=&#8221;tag:h4|text_align:center&#8221; use_theme_fonts=&#8221;yes&#8221;][\/vc_column_inner][\/vc_row_inner][vc_row_inner el_id=&#8221;logo-row&#8221;][vc_column_inner width=&#8221;1\/3&#8243;][vc_single_image image=&#8221;804&#8243; img_size=&#8221;192&#215;122&#8243; alignment=&#8221;center&#8221; onclick=&#8221;custom_link&#8221; img_link_target=&#8221;_blank&#8221; css_animation=&#8221;appear&#8221; link=&#8221;https:\/\/www.bundesliga.com\/de\/bundesliga\/&#8221;][vc_custom_heading text=&#8221;<b>DFL-Stiftung<\/b>&#8221; font_container=&#8221;tag:h4|text_align:center&#8221; use_theme_fonts=&#8221;yes&#8221;][\/vc_column_inner][vc_column_inner width=&#8221;1\/3&#8243;][vc_single_image image=&#8221;757&#8243; img_size=&#8221;192&#215;122&#8243; alignment=&#8221;center&#8221; onclick=&#8221;custom_link&#8221; img_link_target=&#8221;_blank&#8221; css_animation=&#8221;appear&#8221; link=&#8221;http:\/\/www.dfb.de\/index\/&#8221;][vc_custom_heading text=&#8221;<b>DFB<\/b>&#8221; font_container=&#8221;tag:h4|text_align:center&#8221; use_theme_fonts=&#8221;yes&#8221;][\/vc_column_inner][vc_column_inner width=&#8221;1\/3&#8243;][vc_single_image image=&#8221;805&#8243; img_size=&#8221;192&#215;122&#8243; alignment=&#8221;center&#8221; onclick=&#8221;custom_link&#8221; img_link_target=&#8221;_blank&#8221; css_animation=&#8221;appear&#8221; link=&#8221;https:\/\/www.eintracht.de\/&#8221;][vc_custom_heading text=&#8221;<b>Eintracht Frankfurt<\/b>&#8221; font_container=&#8221;tag:h4|text_align:center&#8221; use_theme_fonts=&#8221;yes&#8221;][\/vc_column_inner][\/vc_row_inner][vc_row_inner el_id=&#8221;logo-row&#8221;][vc_column_inner width=&#8221;1\/3&#8243;][vc_single_image image=&#8221;36&#8243; img_size=&#8221;192&#215;122&#8243; alignment=&#8221;center&#8221; onclick=&#8221;custom_link&#8221; img_link_target=&#8221;_blank&#8221; css_animation=&#8221;appear&#8221; link=&#8221;http:\/\/www.bayer04.de\/&#8221;][vc_custom_heading text=&#8221;<b>Bayer 04 Leverkusen<\/b>&#8221; font_container=&#8221;tag:h4|text_align:center&#8221; use_theme_fonts=&#8221;yes&#8221;][\/vc_column_inner][vc_column_inner width=&#8221;1\/3&#8243;][vc_single_image image=&#8221;772&#8243; img_size=&#8221;192&#215;122&#8243; alignment=&#8221;center&#8221; onclick=&#8221;custom_link&#8221; img_link_target=&#8221;_blank&#8221; css_animation=&#8221;appear&#8221; link=&#8221;https:\/\/schalke04.de\/&#8221;][vc_custom_heading text=&#8221;<b>Schalke 04<\/b>&#8221; font_container=&#8221;tag:h4|text_align:center&#8221; use_theme_fonts=&#8221;yes&#8221;][\/vc_column_inner][vc_column_inner width=&#8221;1\/3&#8243;][vc_single_image image=&#8221;761&#8243; img_size=&#8221;192&#215;122&#8243; alignment=&#8221;center&#8221; onclick=&#8221;custom_link&#8221; img_link_target=&#8221;_blank&#8221; css_animation=&#8221;appear&#8221; link=&#8221;https:\/\/www.vfl-wolfsburg.de\/de\/info.html&#8221;][vc_custom_heading text=&#8221;<b>VfL Wolfsburg<\/b>&#8221; font_container=&#8221;tag:h4|text_align:center&#8221; use_theme_fonts=&#8221;yes&#8221;][\/vc_column_inner][\/vc_row_inner][vc_row_inner el_id=&#8221;logo-row&#8221;][vc_column_inner width=&#8221;1\/2&#8243;][vc_single_image image=&#8221;763&#8243; img_size=&#8221;192&#215;122&#8243; alignment=&#8221;center&#8221; onclick=&#8221;custom_link&#8221; img_link_target=&#8221;_blank&#8221; css_animation=&#8221;appear&#8221; link=&#8221;https:\/\/www.hannover96.de\/startseite.html&#8221;][vc_custom_heading text=&#8221;<b>Hannover 96<\/b>&#8221; font_container=&#8221;tag:h4|text_align:center&#8221; use_theme_fonts=&#8221;yes&#8221;][\/vc_column_inner][vc_column_inner width=&#8221;1\/2&#8243;][vc_single_image image=&#8221;294&#8243; img_size=&#8221;192&#215;122&#8243; alignment=&#8221;center&#8221; onclick=&#8221;custom_link&#8221; img_link_target=&#8221;_blank&#8221; css_animation=&#8221;appear&#8221; link=&#8221;http:\/\/www.extremepr.me\/&#8221;][vc_custom_heading text=&#8221;<b>Extreme PR<\/b>&#8221; font_container=&#8221;tag:h4|text_align:center&#8221; use_theme_fonts=&#8221;yes&#8221;][\/vc_column_inner][\/vc_row_inner][\/vc_column][\/vc_row][vc_row full_width=&#8221;stretch_row&#8221; bg_type=&#8221;image&#8221; parallax_style=&#8221;vcpb-vz-jquery&#8221; bg_image_new=&#8221;id^734|url^http:\/\/devsite3.ggmtesting.com\/wp-content\/uploads\/2018\/01\/grass-field.jpeg|caption^null|alt^null|title^grass-field|description^null&#8221; bg_image_repeat=&#8221;no-repeat&#8221; enable_overlay=&#8221;enable_overlay_value&#8221; overlay_color=&#8221;#1e1e1e&#8221; overlay_pattern=&#8221;01.png&#8221; overlay_pattern_size=&#8221;4&#8243; css=&#8221;.vc_custom_1520607127621{margin-top: 30px !important;}&#8221; el_class=&#8221;about-row&#8221; el_id=&#8221;About&#8221;][vc_column css=&#8221;.vc_custom_1496761916765{padding-right: 40px !important;padding-left: 40px !important;}&#8221;][vc_empty_space height=&#8221;6px&#8221;][vc_custom_heading text=&#8221;\u00dcber uns&#8221; font_container=&#8221;tag:h2|text_align:center&#8221; use_theme_fonts=&#8221;yes&#8221;][vc_empty_space height=&#8221;6px&#8221;][vc_row_inner][vc_column_inner width=&#8221;1\/3&#8243;][vc_single_image image=&#8221;578&#8243; img_size=&#8221;medium&#8221;][\/vc_column_inner][vc_column_inner width=&#8221;2\/3&#8243;][vc_custom_heading text=&#8221;Ann Carolin Onnen&#8221; font_container=&#8221;tag:h3|text_align:left&#8221; use_theme_fonts=&#8221;yes&#8221;][vc_custom_heading text=&#8221;Principal&#8221; font_container=&#8221;tag:h4|text_align:left&#8221; use_theme_fonts=&#8221;yes&#8221;][vc_separator el_class=&#8221;about-seperator&#8221;][vc_column_text]Carolin verf\u00fcgt \u00fcber mehr als ein Jahrzehnt an Erfahrung im Sportbusiness. Sie begann ihre Karriere im Jahr 2006 bei Europas f\u00fchrendem Sportrechtevermarkter SPORTFIVE (heute Lagardere Sports) und war zun\u00e4chst f\u00fcr die Umsetzung von Werbemitteln im internationalen Fu\u00dfball und Handball zust\u00e4ndig.<br \/>\nAnschlie\u00dfend verantwortete Carolin den Bereich Brand Conception und hat mit ihrem Team individuelle Sponsoringkonzepte erarbeitet und intensives Marketing f\u00fcr die Gattung Sponsoring betrieben.<\/p>\n<p>Augenmerk war stets der Fu\u00dfball, jedoch auch die Sportarten Handball, Formel 1, Wintersport und Leichtathletik waren wichtige Eckpfeiler im Portfolio.<\/p>\n<p>Im Jahr 2011 ist Carolin den Schritt zur DFL Sports Enterprises (heute Bundesliga International) gegangen und hat als Referentin der Gesch\u00e4ftsf\u00fchrung den Managing Director in allen relevanten Projekten zur internationalen Vermarktung der Bundesliga unterst\u00fctzt. U.a. zeichnete Carolin f\u00fcr die Planung, Organisation und Umsetzung des ersten internationalen B\u00fcros der Bundesliga in Singapur verantwortlich.[\/vc_column_text][\/vc_column_inner][\/vc_row_inner][\/vc_column][\/vc_row][vc_row full_width=&#8221;stretch_row&#8221; bg_type=&#8221;bg_color&#8221; css=&#8221;.vc_custom_1518469770499{padding-top: 40px !important;padding-bottom: 75px !important;}&#8221; el_class=&#8221;contact-row&#8221; el_id=&#8221;Contact&#8221;][vc_column][vc_custom_heading text=&#8221;Kontakt&#8221; font_container=&#8221;tag:h2|text_align:center|color:%23060e31&#8243; use_theme_fonts=&#8221;yes&#8221; css=&#8221;.vc_custom_1522851076630{margin-top: 0px !important;margin-bottom: 50px !important;}&#8221;][vc_row_inner][vc_column_inner width=&#8221;2\/3&#8243;]\n<div class=\"wpcf7 no-js\" id=\"wpcf7-f454-o1\" lang=\"en-US\" dir=\"ltr\" data-wpcf7-id=\"454\">\n<div class=\"screen-reader-response\"><p role=\"status\" aria-live=\"polite\" aria-atomic=\"true\"><\/p> <ul><\/ul><\/div>\n<form action=\"\/index.php?rest_route=%2Fwp%2Fv2%2Fpages%2F506#wpcf7-f454-o1\" method=\"post\" class=\"wpcf7-form init\" aria-label=\"Contact form\" novalidate=\"novalidate\" data-status=\"init\">\n<fieldset class=\"hidden-fields-container\"><input type=\"hidden\" name=\"_wpcf7\" value=\"454\" \/><input type=\"hidden\" name=\"_wpcf7_version\" value=\"6.1.4\" \/><input type=\"hidden\" name=\"_wpcf7_locale\" value=\"en_US\" \/><input type=\"hidden\" name=\"_wpcf7_unit_tag\" value=\"wpcf7-f454-o1\" \/><input type=\"hidden\" name=\"_wpcf7_container_post\" value=\"0\" \/><input type=\"hidden\" name=\"_wpcf7_posted_data_hash\" value=\"\" \/><input type=\"hidden\" name=\"_wpcf7_recaptcha_response\" value=\"\" \/>\n<\/fieldset>\n<p><label> Name<br \/>\n<span class=\"wpcf7-form-control-wrap\" data-name=\"your-name\"><input size=\"40\" maxlength=\"400\" class=\"wpcf7-form-control wpcf7-text wpcf7-validates-as-required\" aria-required=\"true\" aria-invalid=\"false\" value=\"\" type=\"text\" name=\"your-name\" \/><\/span> <\/label>\n<\/p>\n<p><label> Email<br \/>\n<span class=\"wpcf7-form-control-wrap\" data-name=\"your-email\"><input size=\"40\" maxlength=\"400\" class=\"wpcf7-form-control wpcf7-email wpcf7-validates-as-required wpcf7-text wpcf7-validates-as-email\" aria-required=\"true\" aria-invalid=\"false\" value=\"\" type=\"email\" name=\"your-email\" \/><\/span> <\/label>\n<\/p>\n<p><label> Titel<br \/>\n<span class=\"wpcf7-form-control-wrap\" data-name=\"your-subject\"><input size=\"40\" maxlength=\"400\" class=\"wpcf7-form-control wpcf7-text\" aria-invalid=\"false\" value=\"\" type=\"text\" name=\"your-subject\" \/><\/span> <\/label>\n<\/p>\n<p><label> Nachricht<br \/>\n<span class=\"wpcf7-form-control-wrap\" data-name=\"your-message\"><textarea cols=\"40\" rows=\"10\" maxlength=\"2000\" class=\"wpcf7-form-control wpcf7-textarea\" aria-invalid=\"false\" name=\"your-message\"><\/textarea><\/span> <\/label><br \/>\n<span class=\"wpcf7-form-control-wrap\" data-name=\"acceptance-265\"><span class=\"wpcf7-form-control wpcf7-acceptance\"><span class=\"wpcf7-list-item\"><label><input type=\"checkbox\" name=\"acceptance-265\" value=\"1\" aria-invalid=\"false\" \/><span class=\"wpcf7-list-item-label\">Mit der Nutzung dieses Formulars erkl\u00e4ren Sie sich mit der Speicherung und Verarbeitung Ihrer Daten durch diese Website einverstanden.<\/span><\/label><\/span><\/span><\/span><br \/>\n<br \/>\n<input class=\"wpcf7-form-control wpcf7-submit has-spinner\" type=\"submit\" value=\"Senden\" \/>\n<\/p><p style=\"display: none !important;\" class=\"akismet-fields-container\" data-prefix=\"_wpcf7_ak_\"><label>&#916;<textarea name=\"_wpcf7_ak_hp_textarea\" cols=\"45\" rows=\"8\" maxlength=\"100\"><\/textarea><\/label><input type=\"hidden\" id=\"ak_js_1\" name=\"_wpcf7_ak_js\" value=\"6\"\/><script>document.getElementById( \"ak_js_1\" ).setAttribute( \"value\", ( new Date() ).getTime() );<\/script><\/p><div class=\"wpcf7-response-output\" aria-hidden=\"true\"><\/div>\n<\/form>\n<\/div>\n[\/vc_column_inner][vc_column_inner el_class=&#8221;contact-row-right-column&#8221; width=&#8221;1\/3&#8243;]<div class=\"list_item lists_2 clearfix\"><div class=\"list_left list_icon\"><i class=\"icon-map\" aria-hidden=\"true\"><\/i><\/div><div class=\"list_right\"><h4 class=\"title \">GAINS LLC<\/h4><div class=\"desc\">89 Warner Court<br \/>\nGlastonbury<br \/>\nConnecticut 06033<br \/>\nUSA<\/div><\/div><\/div>\n<div class=\"list_item lists_2 clearfix\"><div class=\"list_left list_icon\"><i class=\"icon-phone\" aria-hidden=\"true\"><\/i><\/div><div class=\"list_right\"><div class=\"desc\"><span style=\"color: #060e31;\">Phone (US):<\/span><br \/>\n+1 860.706 64 04<br \/>\n<span style=\"color: #060e31;\">E-mail:<\/span><br \/>\n<a href=\"mailto:onnen@gains-sports.com\">onnen@gains-sports.com<\/a><\/div><\/div><\/div>\n[\/vc_column_inner][\/vc_row_inner][\/vc_column][\/vc_row]<\/p>\n<\/div>","protected":false},"excerpt":{"rendered":"<p>[vc_row full_width=&#8221;stretch_row&#8221; full_height=&#8221;yes&#8221; columns_placement=&#8221;bottom&#8221; content_placement=&#8221;bottom&#8221; sbvcbgslider_enable=&#8221;yes&#8221; sbvcbgslider_animation_speed=&#8221;900&#8243; sbvcbgslider_slide_duration=&#8221;3000&#8243; sbvcbgslider_content_vertical_center=&#8221;yes&#8221; sbvcbgslider_overlay=&#8221;yes&#8221; sbvcbgslider_overlay_color=&#8221;rgba(10,10,10,0.56)&#8221; enable_overlay=&#8221;enable_overlay_value&#8221; overlay_pattern=&#8221;01.png&#8221; el_id=&#8221;Home&#8221; el_class=&#8221;header-video&#8221; sbvcbgslider_slider_attachments=&#8221;779,780,781&#8243;][vc_column][vc_column_text el_class=&#8221;header-video-text&#8221;] Internationalisierung Innovation Beratung Event Management [\/vc_column_text][\/vc_column][\/vc_row][vc_row enable_overlay=&#8221;enable_overlay_value&#8221; overlay_pattern=&#8221;01.png&#8221; el_class=&#8221;flag-row&#8221;<span class=\"excerpt-hellip\"> [\u2026]<\/span><\/p>\n","protected":false},"author":1,"featured_media":-1,"parent":0,"menu_order":0,"comment_status":"closed","ping_status":"closed","template":"","meta":{"_exactmetrics_skip_tracking":false,"_exactmetrics_sitenote_active":false,"_exactmetrics_sitenote_note":"","_exactmetrics_sitenote_category":0,"footnotes":""},"class_list":["post-506","page","type-page","status-publish","has-post-thumbnail","hentry"],"aioseo_notices":[],"_links":{"self":[{"href":"https:\/\/gains-sports.com\/index.php?rest_route=\/wp\/v2\/pages\/506","targetHints":{"allow":["GET"]}}],"collection":[{"href":"https:\/\/gains-sports.com\/index.php?rest_route=\/wp\/v2\/pages"}],"about":[{"href":"https:\/\/gains-sports.com\/index.php?rest_route=\/wp\/v2\/types\/page"}],"author":[{"embeddable":true,"href":"https:\/\/gains-sports.com\/index.php?rest_route=\/wp\/v2\/users\/1"}],"replies":[{"embeddable":true,"href":"https:\/\/gains-sports.com\/index.php?rest_route=%2Fwp%2Fv2%2Fcomments&post=506"}],"version-history":[{"count":8,"href":"https:\/\/gains-sports.com\/index.php?rest_route=\/wp\/v2\/pages\/506\/revisions"}],"predecessor-version":[{"id":22548,"href":"https:\/\/gains-sports.com\/index.php?rest_route=\/wp\/v2\/pages\/506\/revisions\/22548"}],"wp:featuredmedia":[{"embeddable":true,"href":"https:\/\/gains-sports.com\/index.php?rest_route=\/"}],"wp:attachment":[{"href":"https:\/\/gains-sports.com\/index.php?rest_route=%2Fwp%2Fv2%2Fmedia&parent=506"}],"curies":[{"name":"wp","href":"https:\/\/api.w.org\/{rel}","templated":true}]}}